{"id":21,"date":"2017-10-14T05:14:29","date_gmt":"2017-10-14T05:14:29","guid":{"rendered":"https:\/\/smartdata.tonytemplates.com\/driving-school\/?page_id=21"},"modified":"2026-03-31T17:24:33","modified_gmt":"2026-03-31T15:24:33","slug":"contacto","status":"publish","type":"page","link":"https:\/\/www.jrautoescuela.com\/en\/contacto\/","title":{"rendered":"Contact"},"content":{"rendered":"\t\t<div data-elementor-type=\"wp-page\" data-elementor-id=\"21\" class=\"elementor elementor-21\" data-elementor-post-type=\"page\">\n\t\t\t\t<div class=\"elementor-element elementor-element-deae16d e-con-full e-flex e-con e-parent\" data-id=\"deae16d\" data-element_type=\"container\" data-e-type=\"container\" data-settings=\"{&quot;background_background&quot;:&quot;classic&quot;}\">\n\t\t\t\t<div class=\"elementor-element elementor-element-8e141d7 elementor-widget elementor-widget-heading\" data-id=\"8e141d7\" data-element_type=\"widget\" data-e-type=\"widget\" data-widget_type=\"heading.default\">\n\t\t\t\t\t<h1 class=\"elementor-heading-title elementor-size-default\">Contacto con J&amp;R Autoescuela<\/h1>\t\t\t\t<\/div>\n\t\t\t\t<\/div>\n\t\t\t\t<section class=\"elementor-section elementor-top-section elementor-element elementor-element-fa14a2c elementor-reverse-tablet elementor-reverse-mobile elementor-section-boxed elementor-section-height-default elementor-section-height-default\" data-id=\"fa14a2c\" data-element_type=\"section\" data-e-type=\"section\">\n\t\t\t\t\t\t<div class=\"elementor-container elementor-column-gap-no\">\n\t\t\t\t\t<div class=\"elementor-column elementor-col-50 elementor-top-column elementor-element elementor-element-3370594 offset-bottom-250\" data-id=\"3370594\" data-element_type=\"column\" data-e-type=\"column\">\n\t\t\t<div class=\"elementor-widget-wrap elementor-element-populated\">\n\t\t\t\t\t\t<div class=\"elementor-element elementor-element-099cb0e tt-title-md elementor-widget elementor-widget-heading\" data-id=\"099cb0e\" data-element_type=\"widget\" data-e-type=\"widget\" data-widget_type=\"heading.default\">\n\t\t\t\t\t<h2 class=\"elementor-heading-title elementor-size-default\">Cont\u00e1ctanos por email<\/h2>\t\t\t\t<\/div>\n\t\t\t\t<div class=\"elementor-element elementor-element-dbbd99d elementor-widget elementor-widget-text-editor\" data-id=\"dbbd99d\" data-element_type=\"widget\" data-e-type=\"widget\" data-widget_type=\"text-editor.default\">\n\t\t\t\t\t\t\t\t\t\u00bfNecesitas m\u00e1s informaci\u00f3n? Usa el formulario que encontrar\u00e1s debajo para contactar con J&amp;R Autoescuela. Tambi\u00e9n puedes\u00a0<strong>visitarnos\u00a0<\/strong>o llamar al tel\u00e9fono\u00a0<strong>966 705 446<\/strong>\t\t\t\t\t\t\t\t<\/div>\n\t\t\t\t<div class=\"elementor-element elementor-element-41cf5e7 elementor-widget elementor-widget-wpforms\" data-id=\"41cf5e7\" data-element_type=\"widget\" data-e-type=\"widget\" data-widget_type=\"wpforms.default\">\n\t\t\t\t<div class=\"elementor-widget-container\">\n\t\t\t\t\t<div class=\"wpforms-container wpforms-container-full wpforms-render-modern\" id=\"wpforms-2233\"><form id=\"wpforms-form-2233\" class=\"wpforms-validate wpforms-form wpforms-ajax-form\" data-formid=\"2233\" method=\"post\" enctype=\"multipart\/form-data\" action=\"\/en\/wp-json\/wp\/v2\/pages\/21\" data-token=\"d8e80676d55b99be7636f019cd4b2530\" data-token-time=\"1777482170\"><noscript class=\"wpforms-error-noscript\">Please enable JavaScript in your browser to complete this form.<\/noscript><div id=\"wpforms-error-noscript\" style=\"display: none;\">Please enable JavaScript in your browser to complete this form.<\/div><div class=\"wpforms-field-container\"><div id=\"wpforms-2233-field_2-container\" class=\"wpforms-field wpforms-field-text\" data-field-id=\"2\"><label class=\"wpforms-field-label\" for=\"wpforms-2233-field_2\">Introduce tu nombre <span class=\"wpforms-required-label\" aria-hidden=\"true\">*<\/span><\/label><input type=\"text\" id=\"wpforms-2233-field_2\" class=\"wpforms-field-large wpforms-field-required\" name=\"wpforms[fields][2]\" placeholder=\"Introduce tu nombre\" aria-errormessage=\"wpforms-2233-field_2-error\" required><\/div><div id=\"wpforms-2233-field_1-container\" class=\"wpforms-field wpforms-field-layout\" data-field-id=\"1\"><div class=\"wpforms-field-layout-rows wpforms-field-large\"><div class=\"wpforms-layout-row\"><div class=\"wpforms-layout-column wpforms-layout-column-50\"><div id=\"wpforms-2233-field_3-container\" class=\"wpforms-field wpforms-field-email\" data-field-id=\"3\"><label class=\"wpforms-field-label\" for=\"wpforms-2233-field_3\">Correo electr\u00f3nico <span class=\"wpforms-required-label\" aria-hidden=\"true\">*<\/span><\/label><input type=\"email\" id=\"wpforms-2233-field_3\" class=\"wpforms-field-medium wpforms-field-required\" name=\"wpforms[fields][3]\" placeholder=\"Introduce tu correo electr\u00f3nico\" spellcheck=\"false\" aria-errormessage=\"wpforms-2233-field_3-error\" required><\/div><\/div><div class=\"wpforms-layout-column wpforms-layout-column-50\"><div id=\"wpforms-2233-field_4-container\" class=\"wpforms-field wpforms-field-phone\" data-field-id=\"4\"><label class=\"wpforms-field-label\" for=\"wpforms-2233-field_4\">Tel\u00e9fono <span class=\"wpforms-required-label\" aria-hidden=\"true\">*<\/span><\/label><input type=\"tel\" id=\"wpforms-2233-field_4\" class=\"wpforms-field-medium wpforms-field-required wpforms-smart-phone-field\" data-rule-smart-phone-field=\"true\" name=\"wpforms[fields][4]\" placeholder=\"Introduce tu tel\u00e9fono\" aria-label=\"Tel\u00e9fono\" aria-errormessage=\"wpforms-2233-field_4-error\" required><\/div><\/div><\/div><\/div><\/div>\t\t<div id=\"wpforms-2233-field_7-container\"\n\t\t\tclass=\"wpforms-field wpforms-field-text\"\n\t\t\tdata-field-type=\"text\"\n\t\t\tdata-field-id=\"7\"\n\t\t\t>\n\t\t\t<label class=\"wpforms-field-label\" for=\"wpforms-2233-field_7\" >nombre Introduce electr\u00f3nico<\/label>\n\t\t\t<input type=\"text\" id=\"wpforms-2233-field_7\" class=\"wpforms-field-medium\" name=\"wpforms[fields][7]\" >\n\t\t<\/div>\n\t\t<div id=\"wpforms-2233-field_5-container\" class=\"wpforms-field wpforms-field-textarea\" data-field-id=\"5\"><label class=\"wpforms-field-label\" for=\"wpforms-2233-field_5\">Mensaje <span class=\"wpforms-required-label\" aria-hidden=\"true\">*<\/span><\/label><textarea id=\"wpforms-2233-field_5\" class=\"wpforms-field-large wpforms-field-required\" name=\"wpforms[fields][5]\" placeholder=\"Introduce tu mensaje\" aria-errormessage=\"wpforms-2233-field_5-error\" required><\/textarea><\/div><div id=\"wpforms-2233-field_6-container\" class=\"wpforms-field wpforms-field-checkbox\" data-field-id=\"6\"><fieldset><legend class=\"wpforms-field-label wpforms-label-hide\" aria-hidden=\"false\">RGPD <span class=\"wpforms-required-label\" aria-hidden=\"true\">*<\/span><\/legend><ul id=\"wpforms-2233-field_6\" class=\"wpforms-field-required\"><li class=\"choice-1 depth-1\"><input type=\"checkbox\" id=\"wpforms-2233-field_6_1\" name=\"wpforms[fields][6][]\" value=\"Doy consentimiento a tratar la informaci\u00f3n proporcionada para los fines dispuestos en la &lt;a href=&quot;\/privacidad\/&quot; target=&quot;_blank&quot;&gt;Pol\u00edtica de privacidad&lt;\/a&gt; de este sitio\" aria-errormessage=\"wpforms-2233-field_6_1-error\" required ><label class=\"wpforms-field-label-inline\" for=\"wpforms-2233-field_6_1\">Doy consentimiento a tratar la informaci\u00f3n proporcionada para los fines dispuestos en la <a href=\"\/privacidad\/\" target=\"_blank\">Pol\u00edtica de privacidad<\/a> de este sitio<\/label><\/li><li class=\"choice-2 depth-1\"><input type=\"checkbox\" id=\"wpforms-2233-field_6_2\" name=\"wpforms[fields][6][]\" value=\"Consiento el uso de mis datos personales para recibir publicidad de su entidad.\" aria-errormessage=\"wpforms-2233-field_6_2-error\" required ><label class=\"wpforms-field-label-inline\" for=\"wpforms-2233-field_6_2\">Consiento el uso de mis datos personales para recibir publicidad de su entidad.<\/label><\/li><\/ul><\/fieldset><\/div><script>\n\t\t\t\t( function() {\n\t\t\t\t\tconst style = document.createElement( 'style' );\n\t\t\t\t\tstyle.appendChild( document.createTextNode( '#wpforms-2233-field_7-container { position: absolute !important; overflow: hidden !important; display: inline !important; height: 1px !important; width: 1px !important; z-index: -1000 !important; padding: 0 !important; } #wpforms-2233-field_7-container input { visibility: hidden; } #wpforms-conversational-form-page #wpforms-2233-field_7-container label { counter-increment: none; }' ) );\n\t\t\t\t\tdocument.head.appendChild( style );\n\t\t\t\t\tdocument.currentScript?.remove();\n\t\t\t\t} )();\n\t\t\t<\/script><\/div><!-- .wpforms-field-container --><div class=\"wpforms-submit-container\" ><input type=\"hidden\" name=\"wpforms[id]\" value=\"2233\"><input type=\"hidden\" name=\"page_title\" value=\"\"><input type=\"hidden\" name=\"page_url\" value=\"https:\/\/www.jrautoescuela.com\/en\/wp-json\/wp\/v2\/pages\/21\"><input type=\"hidden\" name=\"url_referer\" value=\"\"><button type=\"submit\" name=\"wpforms[submit]\" id=\"wpforms-submit-2233\" class=\"wpforms-submit\" data-alt-text=\"Enviando...\" data-submit-text=\"Enviar\" aria-live=\"assertive\" value=\"wpforms-submit\">Enviar<\/button><img decoding=\"async\" src=\"https:\/\/www.jrautoescuela.com\/wp-content\/plugins\/wpforms\/assets\/images\/submit-spin.svg\" class=\"wpforms-submit-spinner\" style=\"display: none;\" width=\"26\" height=\"26\" alt=\"Loading\"><\/div><\/form><\/div>  <!-- .wpforms-container -->\t\t\t\t<\/div>\n\t\t\t\t<\/div>\n\t\t\t\t\t<\/div>\n\t\t<\/div>\n\t\t\t\t<div class=\"elementor-column elementor-col-50 elementor-top-column elementor-element elementor-element-9a751aa col-xs-12 col-lg-4 pull-right\" data-id=\"9a751aa\" data-element_type=\"column\" data-e-type=\"column\">\n\t\t\t<div class=\"elementor-widget-wrap elementor-element-populated\">\n\t\t\t\t\t\t<div class=\"elementor-element elementor-element-70eac08 elementor-widget elementor-widget-sidebar\" data-id=\"70eac08\" data-element_type=\"widget\" data-e-type=\"widget\" data-widget_type=\"sidebar.default\">\n\t\t\t\t\t<div id=\"driving_school_contact_box-1\" class=\"contact-us-widget  widget_driving_school_contact_box\"><h3 class=\"title-aside tt-title-md\">Nuestra autoescuela<\/h3>\t\t<div class=\"list-addess\">\n\t\t\t\t\t\t\t<div class=\"item\">\n\t\t\t\t\t<h6>Direcci\u00f3n<\/h6>\n\t\t\t\t\t<i class=\"icon icon-placeholder-for-map\"><\/i>\n\t\t\t\t\t<div> Calle Uni\u00f3n Musical Torrevejense 37<br>03181. Torrevieja<\/div>\n\t\t\t\t<\/div>\n\t\t\t\t\t\t\t\t\t\t<div class=\"item\">\n\t\t\t\t\t<h6>Tel\u00e9fono<\/h6>\n\t\t\t\t\t<i class=\"icon icon-phone-call\"><\/i>\n\t\t\t\t\t<div> 966 705 446<\/div>\n\t\t\t\t<\/div>\n\t\t\t\t\t\t\t\t\t\t<div class=\"item\">\n\t\t\t\t\t<h6>Nuestro horario<\/h6>\n\t\t\t\t\t<i class=\"icon icon-clock\"><\/i>\n\t\t\t\t\t<div> Lun-Vie: 9:30 \u2013 13:30 pm \/ 16:00 - 20:30<\/div>\n\t\t\t\t<\/div>\n\t\t\t\t\t<\/div>\n\t\t<\/div>\t\t\t\t<\/div>\n\t\t\t\t<div class=\"elementor-element elementor-element-a9eb02a elementor-align-center elementor-widget elementor-widget-button\" data-id=\"a9eb02a\" data-element_type=\"widget\" data-e-type=\"widget\" data-widget_type=\"button.default\">\n\t\t\t\t\t\t\t\t\t\t<a class=\"elementor-button elementor-button-link elementor-size-sm\" href=\"https:\/\/www.google.com\/maps\/dir\/\/37.97909,-0.6816247\/@37.97909,-0.681625,16z?hl=es\" target=\"_blank\">\n\t\t\t\t\t\t<span class=\"elementor-button-content-wrapper\">\n\t\t\t\t\t\t<span class=\"elementor-button-icon\">\n\t\t\t\t<svg aria-hidden=\"true\" class=\"e-font-icon-svg e-fas-map-marker-alt\" viewBox=\"0 0 384 512\" xmlns=\"http:\/\/www.w3.org\/2000\/svg\"><path d=\"M172.268 501.67C26.97 291.031 0 269.413 0 192 0 85.961 85.961 0 192 0s192 85.961 192 192c0 77.413-26.97 99.031-172.268 309.67-9.535 13.774-29.93 13.773-39.464 0zM192 272c44.183 0 80-35.817 80-80s-35.817-80-80-80-80 35.817-80 80 35.817 80 80 80z\"><\/path><\/svg>\t\t\t<\/span>\n\t\t\t\t\t\t\t\t\t<span class=\"elementor-button-text\">\u00bfC\u00f3mo llegar?<\/span>\n\t\t\t\t\t<\/span>\n\t\t\t\t\t<\/a>\n\t\t\t\t\t\t\t\t<\/div>\n\t\t\t\t<div class=\"elementor-element elementor-element-8f1febe elementor-align-center elementor-widget elementor-widget-button\" data-id=\"8f1febe\" data-element_type=\"widget\" data-e-type=\"widget\" data-widget_type=\"button.default\">\n\t\t\t\t\t\t\t\t\t\t<a class=\"elementor-button elementor-button-link elementor-size-sm\" href=\"https:\/\/www.facebook.com\/JLautoescuelaBeteta\" target=\"_blank\">\n\t\t\t\t\t\t<span class=\"elementor-button-content-wrapper\">\n\t\t\t\t\t\t<span class=\"elementor-button-icon\">\n\t\t\t\t<svg aria-hidden=\"true\" class=\"e-font-icon-svg e-fab-facebook-square\" viewBox=\"0 0 448 512\" xmlns=\"http:\/\/www.w3.org\/2000\/svg\"><path d=\"M400 32H48A48 48 0 0 0 0 80v352a48 48 0 0 0 48 48h137.25V327.69h-63V256h63v-54.64c0-62.15 37-96.48 93.67-96.48 27.14 0 55.52 4.84 55.52 4.84v61h-31.27c-30.81 0-40.42 19.12-40.42 38.73V256h68.78l-11 71.69h-57.78V480H400a48 48 0 0 0 48-48V80a48 48 0 0 0-48-48z\"><\/path><\/svg>\t\t\t<\/span>\n\t\t\t\t\t\t\t\t\t<span class=\"elementor-button-text\">S\u00edguenos en Facebook<\/span>\n\t\t\t\t\t<\/span>\n\t\t\t\t\t<\/a>\n\t\t\t\t\t\t\t\t<\/div>\n\t\t\t\t<div class=\"elementor-element elementor-element-9f3d622 elementor-widget elementor-widget-spacer\" data-id=\"9f3d622\" data-element_type=\"widget\" data-e-type=\"widget\" data-widget_type=\"spacer.default\">\n\t\t\t\t\t\t\t<div class=\"elementor-spacer\">\n\t\t\t<div class=\"elementor-spacer-inner\"><\/div>\n\t\t<\/div>\n\t\t\t\t\t\t<\/div>\n\t\t\t\t\t<\/div>\n\t\t<\/div>\n\t\t\t\t\t<\/div>\n\t\t<\/section>\n\t\t<div class=\"elementor-element elementor-element-8f11eb8 e-con-full e-flex e-con e-parent\" data-id=\"8f11eb8\" data-element_type=\"container\" data-e-type=\"container\">\n\t\t\t\t<div class=\"elementor-element elementor-element-3ad99cd elementor-widget elementor-widget-google_maps\" data-id=\"3ad99cd\" data-element_type=\"widget\" data-e-type=\"widget\" data-widget_type=\"google_maps.default\">\n\t\t\t\t\t\t\t<div class=\"elementor-custom-embed\">\n\t\t\t<iframe loading=\"lazy\"\n\t\t\t\t\tsrc=\"https:\/\/maps.google.com\/maps?q=Calle%20Union%20Musical%20Torrevejense%2037&#038;t=m&#038;z=17&#038;output=embed&#038;iwloc=near\"\n\t\t\t\t\ttitle=\"Calle Union Musical Torrevejense 37\"\n\t\t\t\t\taria-label=\"Calle Union Musical Torrevejense 37\"\n\t\t\t><\/iframe>\n\t\t<\/div>\n\t\t\t\t\t\t<\/div>\n\t\t\t\t<\/div>\n\t\t\t\t<\/div>\n\t\t","protected":false},"excerpt":{"rendered":"<p>Contacto con J&amp;R Autoescuela Cont\u00e1ctanos por email \u00bfNecesitas m\u00e1s informaci\u00f3n? Usa el formulario que encontrar\u00e1s debajo para contactar con J&amp;R Autoescuela. Tambi\u00e9n puedes\u00a0visitarnos\u00a0o llamar al tel\u00e9fono\u00a0966 705 446 Por favor, activa JavaScript en tu navegador para completar este formulario.Por favor, activa JavaScript en tu navegador para completar este formulario.Introduce tu nombre *Correo electr\u00f3nico *Tel\u00e9fono * [&hellip;]<\/p>\n","protected":false},"author":1,"featured_media":0,"parent":0,"menu_order":0,"comment_status":"closed","ping_status":"closed","template":"elementor_header_footer","meta":{"footnotes":""},"class_list":["post-21","page","type-page","status-publish","hentry"],"yoast_head":"<!-- This site is optimized with the Yoast SEO plugin v27.3 - https:\/\/yoast.com\/product\/yoast-seo-wordpress\/ -->\n<title>Contacto - J&amp;R Autoescuela<\/title>\n<meta name=\"description\" content=\"Ponte en contacto con J&amp;R Autoescuela. Tu autoescuela referente en Torrevieja. Consigue tu carnet de conducir con J&amp;R Autoescuela.\" \/>\n<meta name=\"robots\" content=\"index, follow, max-snippet:-1, max-image-preview:large, max-video-preview:-1\" \/>\n<link rel=\"canonical\" href=\"https:\/\/www.jrautoescuela.com\/en\/contacto\/\" \/>\n<meta property=\"og:locale\" content=\"en_GB\" \/>\n<meta property=\"og:type\" content=\"article\" \/>\n<meta property=\"og:title\" content=\"Contacto - J&amp;R Autoescuela\" \/>\n<meta property=\"og:description\" content=\"Ponte en contacto con J&amp;R Autoescuela. Tu autoescuela referente en Torrevieja. Consigue tu carnet de conducir con J&amp;R Autoescuela.\" \/>\n<meta property=\"og:url\" content=\"https:\/\/www.jrautoescuela.com\/en\/contacto\/\" \/>\n<meta property=\"og:site_name\" content=\"J&amp;R Autoescuela\" \/>\n<meta property=\"article:modified_time\" content=\"2026-03-31T15:24:33+00:00\" \/>\n<meta property=\"og:image\" content=\"https:\/\/www.jrautoescuela.com\/wp-content\/plugins\/wpforms\/assets\/images\/submit-spin.svg\" \/>\n<meta name=\"twitter:card\" content=\"summary_large_image\" \/>\n<meta name=\"twitter:label1\" content=\"Estimated reading time\" \/>\n\t<meta name=\"twitter:data1\" content=\"1 minute\" \/>\n<script type=\"application\/ld+json\" class=\"yoast-schema-graph\">{\"@context\":\"https:\\\/\\\/schema.org\",\"@graph\":[{\"@type\":\"WebPage\",\"@id\":\"https:\\\/\\\/www.jrautoescuela.com\\\/contacto\\\/\",\"url\":\"https:\\\/\\\/www.jrautoescuela.com\\\/contacto\\\/\",\"name\":\"Contacto - J&amp;R Autoescuela\",\"isPartOf\":{\"@id\":\"https:\\\/\\\/www.jrautoescuela.com\\\/#website\"},\"primaryImageOfPage\":{\"@id\":\"https:\\\/\\\/www.jrautoescuela.com\\\/contacto\\\/#primaryimage\"},\"image\":{\"@id\":\"https:\\\/\\\/www.jrautoescuela.com\\\/contacto\\\/#primaryimage\"},\"thumbnailUrl\":\"https:\\\/\\\/www.jrautoescuela.com\\\/wp-content\\\/plugins\\\/wpforms\\\/assets\\\/images\\\/submit-spin.svg\",\"datePublished\":\"2017-10-14T05:14:29+00:00\",\"dateModified\":\"2026-03-31T15:24:33+00:00\",\"description\":\"Ponte en contacto con J&R Autoescuela. Tu autoescuela referente en Torrevieja. Consigue tu carnet de conducir con J&R Autoescuela.\",\"breadcrumb\":{\"@id\":\"https:\\\/\\\/www.jrautoescuela.com\\\/contacto\\\/#breadcrumb\"},\"inLanguage\":\"en-GB\",\"potentialAction\":[{\"@type\":\"ReadAction\",\"target\":[\"https:\\\/\\\/www.jrautoescuela.com\\\/contacto\\\/\"]}]},{\"@type\":\"ImageObject\",\"inLanguage\":\"en-GB\",\"@id\":\"https:\\\/\\\/www.jrautoescuela.com\\\/contacto\\\/#primaryimage\",\"url\":\"https:\\\/\\\/www.jrautoescuela.com\\\/wp-content\\\/plugins\\\/wpforms\\\/assets\\\/images\\\/submit-spin.svg\",\"contentUrl\":\"https:\\\/\\\/www.jrautoescuela.com\\\/wp-content\\\/plugins\\\/wpforms\\\/assets\\\/images\\\/submit-spin.svg\"},{\"@type\":\"BreadcrumbList\",\"@id\":\"https:\\\/\\\/www.jrautoescuela.com\\\/contacto\\\/#breadcrumb\",\"itemListElement\":[{\"@type\":\"ListItem\",\"position\":1,\"name\":\"Portada\",\"item\":\"https:\\\/\\\/www.jrautoescuela.com\\\/\"},{\"@type\":\"ListItem\",\"position\":2,\"name\":\"Contacto\"}]},{\"@type\":\"WebSite\",\"@id\":\"https:\\\/\\\/www.jrautoescuela.com\\\/#website\",\"url\":\"https:\\\/\\\/www.jrautoescuela.com\\\/\",\"name\":\"J&amp;R Autoescuela\",\"description\":\"Tu autoescuela en Torrevieja\",\"potentialAction\":[{\"@type\":\"SearchAction\",\"target\":{\"@type\":\"EntryPoint\",\"urlTemplate\":\"https:\\\/\\\/www.jrautoescuela.com\\\/?s={search_term_string}\"},\"query-input\":{\"@type\":\"PropertyValueSpecification\",\"valueRequired\":true,\"valueName\":\"search_term_string\"}}],\"inLanguage\":\"en-GB\"}]}<\/script>\n<!-- \/ Yoast SEO plugin. -->","yoast_head_json":{"title":"Contacto - J&amp;R Autoescuela","description":"Ponte en contacto con J&R Autoescuela. Tu autoescuela referente en Torrevieja. Consigue tu carnet de conducir con J&R Autoescuela.","robots":{"index":"index","follow":"follow","max-snippet":"max-snippet:-1","max-image-preview":"max-image-preview:large","max-video-preview":"max-video-preview:-1"},"canonical":"https:\/\/www.jrautoescuela.com\/en\/contacto\/","og_locale":"en_GB","og_type":"article","og_title":"Contacto - J&amp;R Autoescuela","og_description":"Ponte en contacto con J&R Autoescuela. Tu autoescuela referente en Torrevieja. Consigue tu carnet de conducir con J&R Autoescuela.","og_url":"https:\/\/www.jrautoescuela.com\/en\/contacto\/","og_site_name":"J&amp;R Autoescuela","article_modified_time":"2026-03-31T15:24:33+00:00","og_image":[{"url":"https:\/\/www.jrautoescuela.com\/wp-content\/plugins\/wpforms\/assets\/images\/submit-spin.svg","type":"","width":"","height":""}],"twitter_card":"summary_large_image","twitter_misc":{"Estimated reading time":"1 minute"},"schema":{"@context":"https:\/\/schema.org","@graph":[{"@type":"WebPage","@id":"https:\/\/www.jrautoescuela.com\/contacto\/","url":"https:\/\/www.jrautoescuela.com\/contacto\/","name":"Contacto - J&amp;R Autoescuela","isPartOf":{"@id":"https:\/\/www.jrautoescuela.com\/#website"},"primaryImageOfPage":{"@id":"https:\/\/www.jrautoescuela.com\/contacto\/#primaryimage"},"image":{"@id":"https:\/\/www.jrautoescuela.com\/contacto\/#primaryimage"},"thumbnailUrl":"https:\/\/www.jrautoescuela.com\/wp-content\/plugins\/wpforms\/assets\/images\/submit-spin.svg","datePublished":"2017-10-14T05:14:29+00:00","dateModified":"2026-03-31T15:24:33+00:00","description":"Ponte en contacto con J&R Autoescuela. Tu autoescuela referente en Torrevieja. Consigue tu carnet de conducir con J&R Autoescuela.","breadcrumb":{"@id":"https:\/\/www.jrautoescuela.com\/contacto\/#breadcrumb"},"inLanguage":"en-GB","potentialAction":[{"@type":"ReadAction","target":["https:\/\/www.jrautoescuela.com\/contacto\/"]}]},{"@type":"ImageObject","inLanguage":"en-GB","@id":"https:\/\/www.jrautoescuela.com\/contacto\/#primaryimage","url":"https:\/\/www.jrautoescuela.com\/wp-content\/plugins\/wpforms\/assets\/images\/submit-spin.svg","contentUrl":"https:\/\/www.jrautoescuela.com\/wp-content\/plugins\/wpforms\/assets\/images\/submit-spin.svg"},{"@type":"BreadcrumbList","@id":"https:\/\/www.jrautoescuela.com\/contacto\/#breadcrumb","itemListElement":[{"@type":"ListItem","position":1,"name":"Portada","item":"https:\/\/www.jrautoescuela.com\/"},{"@type":"ListItem","position":2,"name":"Contacto"}]},{"@type":"WebSite","@id":"https:\/\/www.jrautoescuela.com\/#website","url":"https:\/\/www.jrautoescuela.com\/","name":"J&amp;R Driving School","description":"Your driving school in Torrevieja","potentialAction":[{"@type":"SearchAction","target":{"@type":"EntryPoint","urlTemplate":"https:\/\/www.jrautoescuela.com\/?s={search_term_string}"},"query-input":{"@type":"PropertyValueSpecification","valueRequired":true,"valueName":"search_term_string"}}],"inLanguage":"en-GB"}]}},"_links":{"self":[{"href":"https:\/\/www.jrautoescuela.com\/en\/wp-json\/wp\/v2\/pages\/21","targetHints":{"allow":["GET"]}}],"collection":[{"href":"https:\/\/www.jrautoescuela.com\/en\/wp-json\/wp\/v2\/pages"}],"about":[{"href":"https:\/\/www.jrautoescuela.com\/en\/wp-json\/wp\/v2\/types\/page"}],"author":[{"embeddable":true,"href":"https:\/\/www.jrautoescuela.com\/en\/wp-json\/wp\/v2\/users\/1"}],"replies":[{"embeddable":true,"href":"https:\/\/www.jrautoescuela.com\/en\/wp-json\/wp\/v2\/comments?post=21"}],"version-history":[{"count":49,"href":"https:\/\/www.jrautoescuela.com\/en\/wp-json\/wp\/v2\/pages\/21\/revisions"}],"predecessor-version":[{"id":2552,"href":"https:\/\/www.jrautoescuela.com\/en\/wp-json\/wp\/v2\/pages\/21\/revisions\/2552"}],"wp:attachment":[{"href":"https:\/\/www.jrautoescuela.com\/en\/wp-json\/wp\/v2\/media?parent=21"}],"curies":[{"name":"wp","href":"https:\/\/api.w.org\/{rel}","templated":true}]}}