{"id":2379,"date":"2026-03-18T08:55:06","date_gmt":"2026-03-18T07:55:06","guid":{"rendered":"https:\/\/www.jrautoescuela.com\/?page_id=2379"},"modified":"2026-03-18T09:49:06","modified_gmt":"2026-03-18T08:49:06","slug":"permisos","status":"publish","type":"page","link":"https:\/\/www.jrautoescuela.com\/en\/permisos\/","title":{"rendered":"Driving licences"},"content":{"rendered":"<div data-elementor-type=\"wp-page\" data-elementor-id=\"2379\" class=\"elementor elementor-2379\" data-elementor-post-type=\"page\">\n\t\t\t\t<div class=\"elementor-element elementor-element-a9bf576 e-con-full e-flex e-con e-parent\" data-id=\"a9bf576\" data-element_type=\"container\" data-e-type=\"container\" data-settings=\"{&quot;background_background&quot;:&quot;classic&quot;}\">\n\t\t\t\t<div class=\"elementor-element elementor-element-d9a2d78 elementor-widget elementor-widget-heading\" data-id=\"d9a2d78\" data-element_type=\"widget\" data-e-type=\"widget\" data-widget_type=\"heading.default\">\n\t\t\t\t\t<h1 class=\"elementor-heading-title elementor-size-default\">Driving licences<\/h1>\t\t\t\t<\/div>\n\t\t\t\t<\/div>\n\t\t<div class=\"elementor-element elementor-element-178d53a e-flex e-con-boxed e-con e-parent\" data-id=\"178d53a\" data-element_type=\"container\" data-e-type=\"container\">\n\t\t\t\t\t<div class=\"e-con-inner\">\n\t\t\t\t<div class=\"elementor-element elementor-element-8545ac9 elementor-widget elementor-widget-text-editor\" data-id=\"8545ac9\" data-element_type=\"widget\" data-e-type=\"widget\" data-widget_type=\"text-editor.default\">\n\t\t\t\t\t\t\t\t\t<p style=\"text-align: center;\">We have a wide range of training courses to obtain different driving licences. Below we show you the different types of licences that you can obtain at J&amp;R Autoescuela.<\/p><p style=\"text-align: center;\">Remember that if you need more information you can contact us through the means of your choice and without any commitment. You can find more contact information in our section of\u00a0<a href=\"\/en\/contacto\/\">contact<\/a><\/p>\t\t\t\t\t\t\t\t<\/div>\n\t\t\t\t<div class=\"elementor-element elementor-element-9934ee8 elementor-widget elementor-widget-driving_schools_programs\" data-id=\"9934ee8\" data-element_type=\"widget\" data-e-type=\"widget\" data-widget_type=\"driving_schools_programs.default\">\n\t\t\t\t<div class=\"elementor-widget-container\">\n\t\t\t\t\t\t\t<div class=\"tt-extra-layout\">\n\t\t\t<div class=\"container\">\n\t\t\t\t<div class=\"row\">\n\t\t\t\t\t<h3 class=\"tt-title-lg text-center content_typography\">Moped and motorbike licences<\/h3>\n\t\t\t\t\t\t\t<div class=\"text-center text-md max-width75\">\n\t\t\tTrain with J&amp;R Autoescuela and travel the road on two wheels!    \n\t\t\t\t\t<\/div>\n\t\t\t\t\t\t\t\t<div class=\"tt-carusel slick-arrow-02 tt-carusel-top\" data-slick='{\"mobile_first\":\"true\",\"slides_to_show\":3,\"slides_to_scroll\":1,\"pause_on_hover\":\"true\",\"autoplay\":\"true\",\"autoplay_speed\":\"3200\",\"dots\":\"false\",\"arrows\":\"true\"}'>\n\t\t\t\t\t\t\t\t\t\t<div class=\"item\">\n\t\t\t\t\t\t\t\t\t<a href=\"https:\/\/www.jrautoescuela.com\/en\/program\/am\/\" class=\"tt-box-subjects\">\n\t\t\t\t\t\t\t\t\t\t<div class=\"img\">\n\t\t\t\t<img fetchpriority=\"high\" decoding=\"async\" width=\"483\" height=\"261\" src=\"https:\/\/www.jrautoescuela.com\/wp-content\/uploads\/2026\/03\/am.jpg\" class=\"attachment-dricub-dricub-driving-schools-programs-thumbnail size-dricub-dricub-driving-schools-programs-thumbnail wp-post-image\" alt=\"\" \/>\t\t\t\t\t\t\t\t\t\t<\/div>\n\t\t\t\t\t\t\t\t\t\t<div class=\"tt-nomber\">\n\t\t\t\t\t\t\t\t\t\t\t<span class=\"tt-fon\"><span><\/span><\/span>\n\t\t\t\t\t\t\t\t\t\t\t<div class=\"tt-text\">1<\/div>\n\t\t\t\t\t\t\t\t\t\t<\/div>\n\t\t\t\t\t\t\t\t\t\t<div class=\"description\">\n\t\t\t\t\t\t\t\t\t\t\t<h6>AM<\/h6>\n\t\t\t\t\t\t\t\t\t\t\t\t\t\t<\/div>\n\t\t\t\t\t\t\t\t\t<\/a>\n\t\t\t\t\t\t\t\t<\/div>\n\n\t\t\t\t\t\t\t\t\t\t\t\t<div class=\"item\">\n\t\t\t\t\t\t\t\t\t<a href=\"https:\/\/www.jrautoescuela.com\/en\/program\/a1\/\" class=\"tt-box-subjects\">\n\t\t\t\t\t\t\t\t\t\t<div class=\"img\">\n\t\t\t\t<img decoding=\"async\" width=\"483\" height=\"261\" src=\"https:\/\/www.jrautoescuela.com\/wp-content\/uploads\/2026\/03\/a1.jpg\" class=\"attachment-dricub-dricub-driving-schools-programs-thumbnail size-dricub-dricub-driving-schools-programs-thumbnail wp-post-image\" alt=\"\" \/>\t\t\t\t\t\t\t\t\t\t<\/div>\n\t\t\t\t\t\t\t\t\t\t<div class=\"tt-nomber\">\n\t\t\t\t\t\t\t\t\t\t\t<span class=\"tt-fon\"><span><\/span><\/span>\n\t\t\t\t\t\t\t\t\t\t\t<div class=\"tt-text\">2<\/div>\n\t\t\t\t\t\t\t\t\t\t<\/div>\n\t\t\t\t\t\t\t\t\t\t<div class=\"description\">\n\t\t\t\t\t\t\t\t\t\t\t<h6>A1<\/h6>\n\t\t\t\t\t\t\t\t\t\t\t\t\t\t<\/div>\n\t\t\t\t\t\t\t\t\t<\/a>\n\t\t\t\t\t\t\t\t<\/div>\n\n\t\t\t\t\t\t\t\t\t\t\t\t<div class=\"item\">\n\t\t\t\t\t\t\t\t\t<a href=\"https:\/\/www.jrautoescuela.com\/en\/program\/a2\/\" class=\"tt-box-subjects\">\n\t\t\t\t\t\t\t\t\t\t<div class=\"img\">\n\t\t\t\t<img decoding=\"async\" width=\"483\" height=\"261\" src=\"https:\/\/www.jrautoescuela.com\/wp-content\/uploads\/2026\/03\/a2.jpg\" class=\"attachment-dricub-dricub-driving-schools-programs-thumbnail size-dricub-dricub-driving-schools-programs-thumbnail wp-post-image\" alt=\"\" \/>\t\t\t\t\t\t\t\t\t\t<\/div>\n\t\t\t\t\t\t\t\t\t\t<div class=\"tt-nomber\">\n\t\t\t\t\t\t\t\t\t\t\t<span class=\"tt-fon\"><span><\/span><\/span>\n\t\t\t\t\t\t\t\t\t\t\t<div class=\"tt-text\">3<\/div>\n\t\t\t\t\t\t\t\t\t\t<\/div>\n\t\t\t\t\t\t\t\t\t\t<div class=\"description\">\n\t\t\t\t\t\t\t\t\t\t\t<h6>A2<\/h6>\n\t\t\t\t\t\t\t\t\t\t\t\t\t\t<\/div>\n\t\t\t\t\t\t\t\t\t<\/a>\n\t\t\t\t\t\t\t\t<\/div>\n\n\t\t\t\t\t\t\t\t\t\t\t\t<div class=\"item\">\n\t\t\t\t\t\t\t\t\t<a href=\"https:\/\/www.jrautoescuela.com\/en\/program\/a\/\" class=\"tt-box-subjects\">\n\t\t\t\t\t\t\t\t\t\t<div class=\"img\">\n\t\t\t\t<img loading=\"lazy\" decoding=\"async\" width=\"483\" height=\"261\" src=\"https:\/\/www.jrautoescuela.com\/wp-content\/uploads\/2026\/03\/a.jpg\" class=\"attachment-dricub-dricub-driving-schools-programs-thumbnail size-dricub-dricub-driving-schools-programs-thumbnail wp-post-image\" alt=\"\" \/>\t\t\t\t\t\t\t\t\t\t<\/div>\n\t\t\t\t\t\t\t\t\t\t<div class=\"tt-nomber\">\n\t\t\t\t\t\t\t\t\t\t\t<span class=\"tt-fon\"><span><\/span><\/span>\n\t\t\t\t\t\t\t\t\t\t\t<div class=\"tt-text\">4<\/div>\n\t\t\t\t\t\t\t\t\t\t<\/div>\n\t\t\t\t\t\t\t\t\t\t<div class=\"description\">\n\t\t\t\t\t\t\t\t\t\t\t<h6>A<\/h6>\n\t\t\t\t\t\t\t\t\t\t\t\t\t\t<\/div>\n\t\t\t\t\t\t\t\t\t<\/a>\n\t\t\t\t\t\t\t\t<\/div>\n\n\t\t\t\t\t\t\t\t\t<\/div>\n\t\t\t\t<\/div>\n\t\t\t<\/div>\n\t\t<\/div>\n\t\t\t\t\t\t<\/div>\n\t\t\t\t<\/div>\n\t\t\t\t<div class=\"elementor-element elementor-element-f123d0b elementor-widget elementor-widget-driving_schools_programs\" data-id=\"f123d0b\" data-element_type=\"widget\" data-e-type=\"widget\" data-widget_type=\"driving_schools_programs.default\">\n\t\t\t\t<div class=\"elementor-widget-container\">\n\t\t\t\t\t\t\t<div class=\"tt-extra-layout\">\n\t\t\t<div class=\"container\">\n\t\t\t\t<div class=\"row\">\n\t\t\t\t\t<h3 class=\"tt-title-lg text-center content_typography\">For driving passenger cars and other vehicles<\/h3>\n\t\t\t\t\t\t\t<div class=\"text-center text-md max-width75\">\n\t\t\tFor your day-to-day life or for your job At J&amp;R Driving School we train drivers for life and not just for an exam!    \n\t\t\t\t\t<\/div>\n\t\t\t\t\t\t\t\t<div class=\"tt-carusel slick-arrow-02 tt-carusel-top\" data-slick='{\"mobile_first\":\"true\",\"slides_to_show\":3,\"slides_to_scroll\":1,\"pause_on_hover\":\"true\",\"autoplay\":\"true\",\"autoplay_speed\":\"3200\",\"dots\":\"false\",\"arrows\":\"true\"}'>\n\t\t\t\t\t\t\t\t\t\t<div class=\"item\">\n\t\t\t\t\t\t\t\t\t<a href=\"https:\/\/www.jrautoescuela.com\/en\/program\/b\/\" class=\"tt-box-subjects\">\n\t\t\t\t\t\t\t\t\t\t<div class=\"img\">\n\t\t\t\t<img loading=\"lazy\" decoding=\"async\" width=\"483\" height=\"261\" src=\"https:\/\/www.jrautoescuela.com\/wp-content\/uploads\/2026\/03\/b.jpg\" class=\"attachment-dricub-dricub-driving-schools-programs-thumbnail size-dricub-dricub-driving-schools-programs-thumbnail wp-post-image\" alt=\"\" \/>\t\t\t\t\t\t\t\t\t\t<\/div>\n\t\t\t\t\t\t\t\t\t\t<div class=\"tt-nomber\">\n\t\t\t\t\t\t\t\t\t\t\t<span class=\"tt-fon\"><span><\/span><\/span>\n\t\t\t\t\t\t\t\t\t\t\t<div class=\"tt-text\">1<\/div>\n\t\t\t\t\t\t\t\t\t\t<\/div>\n\t\t\t\t\t\t\t\t\t\t<div class=\"description\">\n\t\t\t\t\t\t\t\t\t\t\t<h6>B<\/h6>\n\t\t\t\t\t\t\t\t\t\t\t\t\t\t<\/div>\n\t\t\t\t\t\t\t\t\t<\/a>\n\t\t\t\t\t\t\t\t<\/div>\n\n\t\t\t\t\t\t\t\t\t\t\t\t<div class=\"item\">\n\t\t\t\t\t\t\t\t\t<a href=\"https:\/\/www.jrautoescuela.com\/en\/program\/profesionales\/\" class=\"tt-box-subjects\">\n\t\t\t\t\t\t\t\t\t\t<div class=\"img\">\n\t\t\t\t<img loading=\"lazy\" decoding=\"async\" width=\"483\" height=\"261\" src=\"https:\/\/www.jrautoescuela.com\/wp-content\/uploads\/2026\/03\/cde.jpg\" class=\"attachment-dricub-dricub-driving-schools-programs-thumbnail size-dricub-dricub-driving-schools-programs-thumbnail wp-post-image\" alt=\"\" \/>\t\t\t\t\t\t\t\t\t\t<\/div>\n\t\t\t\t\t\t\t\t\t\t<div class=\"tt-nomber\">\n\t\t\t\t\t\t\t\t\t\t\t<span class=\"tt-fon\"><span><\/span><\/span>\n\t\t\t\t\t\t\t\t\t\t\t<div class=\"tt-text\">2<\/div>\n\t\t\t\t\t\t\t\t\t\t<\/div>\n\t\t\t\t\t\t\t\t\t\t<div class=\"description\">\n\t\t\t\t\t\t\t\t\t\t\t<h6>C, C1, D, D1, C+E<\/h6>\n\t\t\t\t\t\t\t\t\t\t\t\t\t\t<\/div>\n\t\t\t\t\t\t\t\t\t<\/a>\n\t\t\t\t\t\t\t\t<\/div>\n\n\t\t\t\t\t\t\t\t\t\t\t\t<div class=\"item\">\n\t\t\t\t\t\t\t\t\t<a href=\"https:\/\/www.jrautoescuela.com\/en\/program\/carretillero\/\" class=\"tt-box-subjects\">\n\t\t\t\t\t\t\t\t\t\t<div class=\"img\">\n\t\t\t\t<img loading=\"lazy\" decoding=\"async\" width=\"483\" height=\"261\" src=\"https:\/\/www.jrautoescuela.com\/wp-content\/uploads\/2026\/03\/carretillero.png\" class=\"attachment-dricub-dricub-driving-schools-programs-thumbnail size-dricub-dricub-driving-schools-programs-thumbnail wp-post-image\" alt=\"\" \/>\t\t\t\t\t\t\t\t\t\t<\/div>\n\t\t\t\t\t\t\t\t\t\t<div class=\"tt-nomber\">\n\t\t\t\t\t\t\t\t\t\t\t<span class=\"tt-fon\"><span><\/span><\/span>\n\t\t\t\t\t\t\t\t\t\t\t<div class=\"tt-text\">3<\/div>\n\t\t\t\t\t\t\t\t\t\t<\/div>\n\t\t\t\t\t\t\t\t\t\t<div class=\"description\">\n\t\t\t\t\t\t\t\t\t\t\t<h6>Forklift<\/h6>\n\t\t\t\t\t\t\t\t\t\t\t\t\t\t<\/div>\n\t\t\t\t\t\t\t\t\t<\/a>\n\t\t\t\t\t\t\t\t<\/div>\n\n\t\t\t\t\t\t\t\t\t<\/div>\n\t\t\t\t<\/div>\n\t\t\t<\/div>\n\t\t<\/div>\n\t\t\t\t\t\t<\/div>\n\t\t\t\t<\/div>\n\t\t\t\t<div class=\"elementor-element elementor-element-9998a7e elementor-align-center elementor-widget elementor-widget-button\" data-id=\"9998a7e\" data-element_type=\"widget\" data-e-type=\"widget\" data-widget_type=\"button.default\">\n\t\t\t\t\t\t\t\t\t\t<a class=\"elementor-button elementor-button-link elementor-size-sm\" href=\"\/en\/tienda\/\">\n\t\t\t\t\t\t<span class=\"elementor-button-content-wrapper\">\n\t\t\t\t\t\t\t\t\t<span class=\"elementor-button-text\">Enrol now from the J&amp;R Store<\/span>\n\t\t\t\t\t<\/span>\n\t\t\t\t\t<\/a>\n\t\t\t\t\t\t\t\t<\/div>\n\t\t\t\t\t<\/div>\n\t\t\t\t<\/div>\n\t\t\t\t<\/div>","protected":false},"excerpt":{"rendered":"<p>Permisos de conducci\u00f3n Disponemos de un amplio repertorio de cursos de formaci\u00f3n para la obtenci\u00f3n de diferentes licencias de conducci\u00f3n. A continuaci\u00f3n te mostramos los diferentes tipos de permisos que podr\u00e1s obtener en J&amp;R Autoescuela. Recuerda que si necesitas m\u00e1s informaci\u00f3n puedes ponerte en contacto con nosotros a trav\u00e9s del medio que t\u00fa prefieras y [&hellip;]<\/p>\n","protected":false},"author":1,"featured_media":0,"parent":0,"menu_order":0,"comment_status":"closed","ping_status":"closed","template":"elementor_header_footer","meta":{"footnotes":""},"class_list":["post-2379","page","type-page","status-publish","hentry"],"yoast_head":"<!-- This site is optimized with the Yoast SEO plugin v27.3 - https:\/\/yoast.com\/product\/yoast-seo-wordpress\/ -->\n<title>Permisos de conducci\u00f3n - J&amp;R Autoescuela<\/title>\n<meta name=\"description\" content=\"En J&amp;R Autoescuela formamos conductores para toda la vida y no para el examen. Consigue tu permiso de conducci\u00f3n en Torrevieja\" \/>\n<meta name=\"robots\" content=\"index, follow, max-snippet:-1, max-image-preview:large, max-video-preview:-1\" \/>\n<link rel=\"canonical\" href=\"https:\/\/www.jrautoescuela.com\/en\/permisos\/\" \/>\n<meta property=\"og:locale\" content=\"en_GB\" \/>\n<meta property=\"og:type\" content=\"article\" \/>\n<meta property=\"og:title\" content=\"Permisos de conducci\u00f3n - J&amp;R Autoescuela\" \/>\n<meta property=\"og:description\" content=\"En J&amp;R Autoescuela formamos conductores para toda la vida y no para el examen. Consigue tu permiso de conducci\u00f3n en Torrevieja\" \/>\n<meta property=\"og:url\" content=\"https:\/\/www.jrautoescuela.com\/en\/permisos\/\" \/>\n<meta property=\"og:site_name\" content=\"J&amp;R Autoescuela\" \/>\n<meta property=\"article:modified_time\" content=\"2026-03-18T08:49:06+00:00\" \/>\n<meta property=\"og:image\" content=\"https:\/\/www.jrautoescuela.com\/wp-content\/uploads\/2026\/03\/am.jpg\" \/>\n<meta name=\"twitter:card\" content=\"summary_large_image\" \/>\n<meta name=\"twitter:label1\" content=\"Estimated reading time\" \/>\n\t<meta name=\"twitter:data1\" content=\"3 minutes\" \/>\n<script type=\"application\/ld+json\" class=\"yoast-schema-graph\">{\"@context\":\"https:\\\/\\\/schema.org\",\"@graph\":[{\"@type\":\"WebPage\",\"@id\":\"https:\\\/\\\/www.jrautoescuela.com\\\/permisos\\\/\",\"url\":\"https:\\\/\\\/www.jrautoescuela.com\\\/permisos\\\/\",\"name\":\"Permisos de conducci\u00f3n - J&amp;R Autoescuela\",\"isPartOf\":{\"@id\":\"https:\\\/\\\/www.jrautoescuela.com\\\/#website\"},\"primaryImageOfPage\":{\"@id\":\"https:\\\/\\\/www.jrautoescuela.com\\\/permisos\\\/#primaryimage\"},\"image\":{\"@id\":\"https:\\\/\\\/www.jrautoescuela.com\\\/permisos\\\/#primaryimage\"},\"thumbnailUrl\":\"https:\\\/\\\/www.jrautoescuela.com\\\/wp-content\\\/uploads\\\/2026\\\/03\\\/am.jpg\",\"datePublished\":\"2026-03-18T07:55:06+00:00\",\"dateModified\":\"2026-03-18T08:49:06+00:00\",\"description\":\"En J&R Autoescuela formamos conductores para toda la vida y no para el examen. Consigue tu permiso de conducci\u00f3n en Torrevieja\",\"breadcrumb\":{\"@id\":\"https:\\\/\\\/www.jrautoescuela.com\\\/permisos\\\/#breadcrumb\"},\"inLanguage\":\"en-GB\",\"potentialAction\":[{\"@type\":\"ReadAction\",\"target\":[\"https:\\\/\\\/www.jrautoescuela.com\\\/permisos\\\/\"]}]},{\"@type\":\"ImageObject\",\"inLanguage\":\"en-GB\",\"@id\":\"https:\\\/\\\/www.jrautoescuela.com\\\/permisos\\\/#primaryimage\",\"url\":\"https:\\\/\\\/www.jrautoescuela.com\\\/wp-content\\\/uploads\\\/2026\\\/03\\\/am.jpg\",\"contentUrl\":\"https:\\\/\\\/www.jrautoescuela.com\\\/wp-content\\\/uploads\\\/2026\\\/03\\\/am.jpg\"},{\"@type\":\"BreadcrumbList\",\"@id\":\"https:\\\/\\\/www.jrautoescuela.com\\\/permisos\\\/#breadcrumb\",\"itemListElement\":[{\"@type\":\"ListItem\",\"position\":1,\"name\":\"Portada\",\"item\":\"https:\\\/\\\/www.jrautoescuela.com\\\/\"},{\"@type\":\"ListItem\",\"position\":2,\"name\":\"Permisos de conducci\u00f3n\"}]},{\"@type\":\"WebSite\",\"@id\":\"https:\\\/\\\/www.jrautoescuela.com\\\/#website\",\"url\":\"https:\\\/\\\/www.jrautoescuela.com\\\/\",\"name\":\"J&amp;R Autoescuela\",\"description\":\"Tu autoescuela en Torrevieja\",\"potentialAction\":[{\"@type\":\"SearchAction\",\"target\":{\"@type\":\"EntryPoint\",\"urlTemplate\":\"https:\\\/\\\/www.jrautoescuela.com\\\/?s={search_term_string}\"},\"query-input\":{\"@type\":\"PropertyValueSpecification\",\"valueRequired\":true,\"valueName\":\"search_term_string\"}}],\"inLanguage\":\"en-GB\"}]}<\/script>\n<!-- \/ Yoast SEO plugin. -->","yoast_head_json":{"title":"Permisos de conducci\u00f3n - J&amp;R Autoescuela","description":"En J&R Autoescuela formamos conductores para toda la vida y no para el examen. Consigue tu permiso de conducci\u00f3n en Torrevieja","robots":{"index":"index","follow":"follow","max-snippet":"max-snippet:-1","max-image-preview":"max-image-preview:large","max-video-preview":"max-video-preview:-1"},"canonical":"https:\/\/www.jrautoescuela.com\/en\/permisos\/","og_locale":"en_GB","og_type":"article","og_title":"Permisos de conducci\u00f3n - J&amp;R Autoescuela","og_description":"En J&R Autoescuela formamos conductores para toda la vida y no para el examen. Consigue tu permiso de conducci\u00f3n en Torrevieja","og_url":"https:\/\/www.jrautoescuela.com\/en\/permisos\/","og_site_name":"J&amp;R Autoescuela","article_modified_time":"2026-03-18T08:49:06+00:00","og_image":[{"url":"https:\/\/www.jrautoescuela.com\/wp-content\/uploads\/2026\/03\/am.jpg","type":"","width":"","height":""}],"twitter_card":"summary_large_image","twitter_misc":{"Estimated reading time":"3 minutes"},"schema":{"@context":"https:\/\/schema.org","@graph":[{"@type":"WebPage","@id":"https:\/\/www.jrautoescuela.com\/permisos\/","url":"https:\/\/www.jrautoescuela.com\/permisos\/","name":"Permisos de conducci\u00f3n - J&amp;R Autoescuela","isPartOf":{"@id":"https:\/\/www.jrautoescuela.com\/#website"},"primaryImageOfPage":{"@id":"https:\/\/www.jrautoescuela.com\/permisos\/#primaryimage"},"image":{"@id":"https:\/\/www.jrautoescuela.com\/permisos\/#primaryimage"},"thumbnailUrl":"https:\/\/www.jrautoescuela.com\/wp-content\/uploads\/2026\/03\/am.jpg","datePublished":"2026-03-18T07:55:06+00:00","dateModified":"2026-03-18T08:49:06+00:00","description":"En J&R Autoescuela formamos conductores para toda la vida y no para el examen. Consigue tu permiso de conducci\u00f3n en Torrevieja","breadcrumb":{"@id":"https:\/\/www.jrautoescuela.com\/permisos\/#breadcrumb"},"inLanguage":"en-GB","potentialAction":[{"@type":"ReadAction","target":["https:\/\/www.jrautoescuela.com\/permisos\/"]}]},{"@type":"ImageObject","inLanguage":"en-GB","@id":"https:\/\/www.jrautoescuela.com\/permisos\/#primaryimage","url":"https:\/\/www.jrautoescuela.com\/wp-content\/uploads\/2026\/03\/am.jpg","contentUrl":"https:\/\/www.jrautoescuela.com\/wp-content\/uploads\/2026\/03\/am.jpg"},{"@type":"BreadcrumbList","@id":"https:\/\/www.jrautoescuela.com\/permisos\/#breadcrumb","itemListElement":[{"@type":"ListItem","position":1,"name":"Portada","item":"https:\/\/www.jrautoescuela.com\/"},{"@type":"ListItem","position":2,"name":"Permisos de conducci\u00f3n"}]},{"@type":"WebSite","@id":"https:\/\/www.jrautoescuela.com\/#website","url":"https:\/\/www.jrautoescuela.com\/","name":"J&amp;R Driving School","description":"Your driving school in Torrevieja","potentialAction":[{"@type":"SearchAction","target":{"@type":"EntryPoint","urlTemplate":"https:\/\/www.jrautoescuela.com\/?s={search_term_string}"},"query-input":{"@type":"PropertyValueSpecification","valueRequired":true,"valueName":"search_term_string"}}],"inLanguage":"en-GB"}]}},"_links":{"self":[{"href":"https:\/\/www.jrautoescuela.com\/en\/wp-json\/wp\/v2\/pages\/2379","targetHints":{"allow":["GET"]}}],"collection":[{"href":"https:\/\/www.jrautoescuela.com\/en\/wp-json\/wp\/v2\/pages"}],"about":[{"href":"https:\/\/www.jrautoescuela.com\/en\/wp-json\/wp\/v2\/types\/page"}],"author":[{"embeddable":true,"href":"https:\/\/www.jrautoescuela.com\/en\/wp-json\/wp\/v2\/users\/1"}],"replies":[{"embeddable":true,"href":"https:\/\/www.jrautoescuela.com\/en\/wp-json\/wp\/v2\/comments?post=2379"}],"version-history":[{"count":13,"href":"https:\/\/www.jrautoescuela.com\/en\/wp-json\/wp\/v2\/pages\/2379\/revisions"}],"predecessor-version":[{"id":2433,"href":"https:\/\/www.jrautoescuela.com\/en\/wp-json\/wp\/v2\/pages\/2379\/revisions\/2433"}],"wp:attachment":[{"href":"https:\/\/www.jrautoescuela.com\/en\/wp-json\/wp\/v2\/media?parent=2379"}],"curies":[{"name":"wp","href":"https:\/\/api.w.org\/{rel}","templated":true}]}}