{"id":77,"date":"2017-10-14T11:43:15","date_gmt":"2017-10-14T11:43:15","guid":{"rendered":"https:\/\/smartdata.tonytemplates.com\/driving-school\/?page_id=77"},"modified":"2026-03-18T09:49:19","modified_gmt":"2026-03-18T08:49:19","slug":"quienes-somos","status":"publish","type":"page","link":"https:\/\/www.jrautoescuela.com\/en\/quienes-somos\/","title":{"rendered":"Who we are"},"content":{"rendered":"<div data-elementor-type=\"wp-page\" data-elementor-id=\"77\" class=\"elementor elementor-77\" data-elementor-post-type=\"page\">\n\t\t\t\t<div class=\"elementor-element elementor-element-a9bf576 e-con-full e-flex e-con e-parent\" data-id=\"a9bf576\" data-element_type=\"container\" data-e-type=\"container\" data-settings=\"{&quot;background_background&quot;:&quot;classic&quot;}\">\n\t\t\t\t<div class=\"elementor-element elementor-element-d9a2d78 elementor-widget elementor-widget-heading\" data-id=\"d9a2d78\" data-element_type=\"widget\" data-e-type=\"widget\" data-widget_type=\"heading.default\">\n\t\t\t\t\t<h1 class=\"elementor-heading-title elementor-size-default\">Who are we?<\/h1>\t\t\t\t<\/div>\n\t\t\t\t<\/div>\n\t\t<div class=\"elementor-element elementor-element-0a6293c e-con-full e-flex e-con e-parent\" data-id=\"0a6293c\" data-element_type=\"container\" data-e-type=\"container\" data-settings=\"{&quot;background_background&quot;:&quot;classic&quot;}\">\n\t\t\t\t<div class=\"elementor-element elementor-element-dba5a5e elementor-widget elementor-widget-heading\" data-id=\"dba5a5e\" data-element_type=\"widget\" data-e-type=\"widget\" data-widget_type=\"heading.default\">\n\t\t\t\t\t<h2 class=\"elementor-heading-title elementor-size-default\">More than 30 years helping our students achieve their goals\n<\/h2>\t\t\t\t<\/div>\n\t\t\t\t<\/div>\n\t\t<div class=\"elementor-element elementor-element-1eeb1aa e-flex e-con-boxed e-con e-parent\" data-id=\"1eeb1aa\" data-element_type=\"container\" data-e-type=\"container\">\n\t\t\t\t\t<div class=\"e-con-inner\">\n\t\t<div class=\"elementor-element elementor-element-9427ce1 e-con-full e-flex e-con e-child\" data-id=\"9427ce1\" data-element_type=\"container\" data-e-type=\"container\">\n\t\t\t\t<div class=\"elementor-element elementor-element-424ddbb elementor-widget elementor-widget-image\" data-id=\"424ddbb\" data-element_type=\"widget\" data-e-type=\"widget\" data-widget_type=\"image.default\">\n\t\t\t\t\t\t\t\t\t\t\t\t\t\t\t<img fetchpriority=\"high\" decoding=\"async\" width=\"387\" height=\"387\" src=\"https:\/\/www.jrautoescuela.com\/wp-content\/uploads\/2026\/03\/Screenshot_1-387x387-1.jpg\" class=\"attachment-large size-large wp-image-2318\" alt=\"\" srcset=\"https:\/\/www.jrautoescuela.com\/wp-content\/uploads\/2026\/03\/Screenshot_1-387x387-1.jpg 387w, https:\/\/www.jrautoescuela.com\/wp-content\/uploads\/2026\/03\/Screenshot_1-387x387-1-300x300.jpg 300w, https:\/\/www.jrautoescuela.com\/wp-content\/uploads\/2026\/03\/Screenshot_1-387x387-1-100x100.jpg 100w, https:\/\/www.jrautoescuela.com\/wp-content\/uploads\/2026\/03\/Screenshot_1-387x387-1-150x150.jpg 150w, https:\/\/www.jrautoescuela.com\/wp-content\/uploads\/2026\/03\/Screenshot_1-387x387-1-12x12.jpg 12w, https:\/\/www.jrautoescuela.com\/wp-content\/uploads\/2026\/03\/Screenshot_1-387x387-1-261x261.jpg 261w, https:\/\/www.jrautoescuela.com\/wp-content\/uploads\/2026\/03\/Screenshot_1-387x387-1-291x291.jpg 291w\" sizes=\"(max-width: 387px) 100vw, 387px\" \/>\t\t\t\t\t\t\t\t\t\t\t\t\t\t\t<\/div>\n\t\t\t\t<\/div>\n\t\t<div class=\"elementor-element elementor-element-025d48a e-con-full e-flex e-con e-child\" data-id=\"025d48a\" data-element_type=\"container\" data-e-type=\"container\">\n\t\t\t\t<div class=\"elementor-element elementor-element-589daa5 elementor-widget elementor-widget-icon-box\" data-id=\"589daa5\" data-element_type=\"widget\" data-e-type=\"widget\" data-widget_type=\"icon-box.default\">\n\t\t\t\t\t\t\t<div class=\"elementor-icon-box-wrapper\">\n\n\t\t\t\n\t\t\t\t\t\t<div class=\"elementor-icon-box-content\">\n\n\t\t\t\t\t\t\t\t\t<h3 class=\"elementor-icon-box-title\">\n\t\t\t\t\t\t<span  >\n\t\t\t\t\t\t\tWe are a benchmark\t\t\t\t\t\t<\/span>\n\t\t\t\t\t<\/h3>\n\t\t\t\t\n\t\t\t\t\t\t\t\t\t<p class=\"elementor-icon-box-description\">\n\t\t\t\t\t\t<p>At J&amp;R Autoescuela we are a reference in the Vega Baja. We have <b>more than 30 years of experience and a high percentage of successful students<\/b> that endorse our work. We have highly qualified professionals with extensive experience as well as facilities with the most advanced technology that form the perfect recipe for our students to achieve their goals through an attractive teaching methodology.<\/p>\n\n<p>We have a <b>wide range of timetables<\/b> so that students can combine their activity at the driving school with any other activity, as well as numerous facilities for those who cannot attend the classroom theory classes. We also have <b>modern vehicles equipped with the latest technology<\/b> so that students can carry out their internships in complete safety. We also offer a <b>wide range of driving licences<\/b>.<\/p>\t\t\t\t\t<\/p>\n\t\t\t\t\n\t\t\t<\/div>\n\t\t\t\n\t\t<\/div>\n\t\t\t\t\t\t<\/div>\n\t\t\t\t<div class=\"elementor-element elementor-element-77701b7 elementor-align-center elementor-widget elementor-widget-button\" data-id=\"77701b7\" data-element_type=\"widget\" data-e-type=\"widget\" data-widget_type=\"button.default\">\n\t\t\t\t\t\t\t\t\t\t<a class=\"elementor-button elementor-button-link elementor-size-sm\" href=\"\/en\/contacto\/\">\n\t\t\t\t\t\t<span class=\"elementor-button-content-wrapper\">\n\t\t\t\t\t\t\t\t\t<span class=\"elementor-button-text\">Contact with us<\/span>\n\t\t\t\t\t<\/span>\n\t\t\t\t\t<\/a>\n\t\t\t\t\t\t\t\t<\/div>\n\t\t\t\t<\/div>\n\t\t\t\t\t<\/div>\n\t\t\t\t<\/div>\n\t\t<div class=\"elementor-element elementor-element-928815b e-flex e-con-boxed e-con e-parent\" data-id=\"928815b\" data-element_type=\"container\" data-e-type=\"container\">\n\t\t\t\t\t<div class=\"e-con-inner\">\n\t\t<div class=\"elementor-element elementor-element-5489d09 e-con-full e-flex e-con e-child\" data-id=\"5489d09\" data-element_type=\"container\" data-e-type=\"container\">\n\t\t\t\t<div class=\"elementor-element elementor-element-517a8ac elementor-widget elementor-widget-icon-box\" data-id=\"517a8ac\" data-element_type=\"widget\" data-e-type=\"widget\" data-widget_type=\"icon-box.default\">\n\t\t\t\t\t\t\t<div class=\"elementor-icon-box-wrapper\">\n\n\t\t\t\n\t\t\t\t\t\t<div class=\"elementor-icon-box-content\">\n\n\t\t\t\t\t\t\t\t\t<h3 class=\"elementor-icon-box-title\">\n\t\t\t\t\t\t<span  >\n\t\t\t\t\t\t\tWe are different\t\t\t\t\t\t<\/span>\n\t\t\t\t\t<\/h3>\n\t\t\t\t\n\t\t\t\t\t\t\t\t\t<p class=\"elementor-icon-box-description\">\n\t\t\t\t\t\t<p>At J&amp;R Driving School we specialise in courses for amaxophobia, or fear of driving. Amaxophobia is the irrational fear of driving a vehicle and can be due to different reasons, for example, insecurity of participation, accidents or any kind of painful memory. Come and discover what you are capable of! We also offer efficient driving lessons.<\/p>\n\n<p>Because at J&amp;R Driving School we train drivers for life and not just for the exam!<\/p>\n\n<p>We have tests available for students in Spanish and English.<\/p>\t\t\t\t\t<\/p>\n\t\t\t\t\n\t\t\t<\/div>\n\t\t\t\n\t\t<\/div>\n\t\t\t\t\t\t<\/div>\n\t\t\t\t<div class=\"elementor-element elementor-element-937b356 elementor-align-center elementor-widget elementor-widget-button\" data-id=\"937b356\" data-element_type=\"widget\" data-e-type=\"widget\" data-widget_type=\"button.default\">\n\t\t\t\t\t\t\t\t\t\t<a class=\"elementor-button elementor-button-link elementor-size-sm\" href=\"https:\/\/www.google.com\/maps\/dir\/\/37.97909,-0.6816247\/@37.97909,-0.681625,16z?hl=es\" target=\"_blank\">\n\t\t\t\t\t\t<span class=\"elementor-button-content-wrapper\">\n\t\t\t\t\t\t<span class=\"elementor-button-icon\">\n\t\t\t\t<svg aria-hidden=\"true\" class=\"e-font-icon-svg e-fab-facebook-square\" viewbox=\"0 0 448 512\" xmlns=\"http:\/\/www.w3.org\/2000\/svg\"><path d=\"M400 32H48A48 48 0 0 0 0 80v352a48 48 0 0 0 48 48h137.25V327.69h-63V256h63v-54.64c0-62.15 37-96.48 93.67-96.48 27.14 0 55.52 4.84 55.52 4.84v61h-31.27c-30.81 0-40.42 19.12-40.42 38.73V256h68.78l-11 71.69h-57.78V480H400a48 48 0 0 0 48-48V80a48 48 0 0 0-48-48z\"><\/path><\/svg>\t\t\t<\/span>\n\t\t\t\t\t\t\t\t\t<span class=\"elementor-button-text\">Follow us on Facebook<\/span>\n\t\t\t\t\t<\/span>\n\t\t\t\t\t<\/a>\n\t\t\t\t\t\t\t\t<\/div>\n\t\t\t\t<\/div>\n\t\t<div class=\"elementor-element elementor-element-393555c e-con-full e-flex e-con e-child\" data-id=\"393555c\" data-element_type=\"container\" data-e-type=\"container\">\n\t\t\t\t<div class=\"elementor-element elementor-element-5c49797 elementor-widget elementor-widget-image\" data-id=\"5c49797\" data-element_type=\"widget\" data-e-type=\"widget\" data-widget_type=\"image.default\">\n\t\t\t\t\t\t\t\t\t\t\t\t\t\t\t<img decoding=\"async\" width=\"640\" height=\"359\" src=\"https:\/\/www.jrautoescuela.com\/wp-content\/uploads\/2026\/03\/503485559_9366687663430979_8054752235913570443_n-1024x575.jpg\" class=\"attachment-large size-large wp-image-2329\" alt=\"\" srcset=\"https:\/\/www.jrautoescuela.com\/wp-content\/uploads\/2026\/03\/503485559_9366687663430979_8054752235913570443_n-1024x575.jpg 1024w, https:\/\/www.jrautoescuela.com\/wp-content\/uploads\/2026\/03\/503485559_9366687663430979_8054752235913570443_n-600x337.jpg 600w, https:\/\/www.jrautoescuela.com\/wp-content\/uploads\/2026\/03\/503485559_9366687663430979_8054752235913570443_n-300x169.jpg 300w, https:\/\/www.jrautoescuela.com\/wp-content\/uploads\/2026\/03\/503485559_9366687663430979_8054752235913570443_n-768x432.jpg 768w, https:\/\/www.jrautoescuela.com\/wp-content\/uploads\/2026\/03\/503485559_9366687663430979_8054752235913570443_n-1536x863.jpg 1536w, https:\/\/www.jrautoescuela.com\/wp-content\/uploads\/2026\/03\/503485559_9366687663430979_8054752235913570443_n-18x10.jpg 18w, https:\/\/www.jrautoescuela.com\/wp-content\/uploads\/2026\/03\/503485559_9366687663430979_8054752235913570443_n-860x483.jpg 860w, https:\/\/www.jrautoescuela.com\/wp-content\/uploads\/2026\/03\/503485559_9366687663430979_8054752235913570443_n-465x261.jpg 465w, https:\/\/www.jrautoescuela.com\/wp-content\/uploads\/2026\/03\/503485559_9366687663430979_8054752235913570443_n-462x260.jpg 462w, https:\/\/www.jrautoescuela.com\/wp-content\/uploads\/2026\/03\/503485559_9366687663430979_8054752235913570443_n-270x150.jpg 270w, https:\/\/www.jrautoescuela.com\/wp-content\/uploads\/2026\/03\/503485559_9366687663430979_8054752235913570443_n.jpg 1600w\" sizes=\"(max-width: 640px) 100vw, 640px\" \/>\t\t\t\t\t\t\t\t\t\t\t\t\t\t\t<\/div>\n\t\t\t\t<\/div>\n\t\t\t\t\t<\/div>\n\t\t\t\t<\/div>\n\t\t\t\t<\/div>","protected":false},"excerpt":{"rendered":"<p>\u00bfQui\u00e9nes somos? M\u00e1s de 30 a\u00f1os logrando que nuestros alumnos logren sus objetivos Somos referentes En J&amp;R Autoescuela somos referentes en la Vega Baja. Tenemos m\u00e1s de 30 a\u00f1os de experiencia y un alto porcentaje de alumnos aprobados que avalan nuestro trabajo. Contamos con profesionales altamente cualificados con gran experiencia as\u00ed como instalaciones con la [&hellip;]<\/p>\n","protected":false},"author":1,"featured_media":0,"parent":0,"menu_order":0,"comment_status":"closed","ping_status":"closed","template":"elementor_header_footer","meta":{"footnotes":""},"class_list":["post-77","page","type-page","status-publish","hentry"],"yoast_head":"<!-- This site is optimized with the Yoast SEO plugin v27.3 - https:\/\/yoast.com\/product\/yoast-seo-wordpress\/ -->\n<title>Qui\u00e9nes somos - J&amp;R Autoescuela<\/title>\n<meta name=\"description\" content=\"En J&amp;R Autoescuela formamos conductores para toda la vida y no para el examen. Descubre qui\u00e9nes somos, descubre una autoescuela diferente!\u00a1\" \/>\n<meta name=\"robots\" content=\"index, follow, max-snippet:-1, max-image-preview:large, max-video-preview:-1\" \/>\n<link rel=\"canonical\" href=\"https:\/\/www.jrautoescuela.com\/en\/quienes-somos\/\" \/>\n<meta property=\"og:locale\" content=\"en_GB\" \/>\n<meta property=\"og:type\" content=\"article\" \/>\n<meta property=\"og:title\" content=\"Qui\u00e9nes somos - J&amp;R Autoescuela\" \/>\n<meta property=\"og:description\" content=\"En J&amp;R Autoescuela formamos conductores para toda la vida y no para el examen. Descubre qui\u00e9nes somos, descubre una autoescuela diferente!\u00a1\" \/>\n<meta property=\"og:url\" content=\"https:\/\/www.jrautoescuela.com\/en\/quienes-somos\/\" \/>\n<meta property=\"og:site_name\" content=\"J&amp;R Autoescuela\" \/>\n<meta property=\"article:modified_time\" content=\"2026-03-18T08:49:19+00:00\" \/>\n<meta property=\"og:image\" content=\"https:\/\/www.jrautoescuela.com\/wp-content\/uploads\/2026\/03\/Screenshot_1-387x387-1.jpg\" \/>\n\t<meta property=\"og:image:width\" content=\"387\" \/>\n\t<meta property=\"og:image:height\" content=\"387\" \/>\n\t<meta property=\"og:image:type\" content=\"image\/jpeg\" \/>\n<meta name=\"twitter:card\" content=\"summary_large_image\" \/>\n<meta name=\"twitter:label1\" content=\"Estimated reading time\" \/>\n\t<meta name=\"twitter:data1\" content=\"2 minutes\" \/>\n<script type=\"application\/ld+json\" class=\"yoast-schema-graph\">{\"@context\":\"https:\\\/\\\/schema.org\",\"@graph\":[{\"@type\":\"WebPage\",\"@id\":\"https:\\\/\\\/www.jrautoescuela.com\\\/quienes-somos\\\/\",\"url\":\"https:\\\/\\\/www.jrautoescuela.com\\\/quienes-somos\\\/\",\"name\":\"Qui\u00e9nes somos - J&amp;R Autoescuela\",\"isPartOf\":{\"@id\":\"https:\\\/\\\/www.jrautoescuela.com\\\/#website\"},\"primaryImageOfPage\":{\"@id\":\"https:\\\/\\\/www.jrautoescuela.com\\\/quienes-somos\\\/#primaryimage\"},\"image\":{\"@id\":\"https:\\\/\\\/www.jrautoescuela.com\\\/quienes-somos\\\/#primaryimage\"},\"thumbnailUrl\":\"https:\\\/\\\/www.jrautoescuela.com\\\/wp-content\\\/uploads\\\/2026\\\/03\\\/Screenshot_1-387x387-1.jpg\",\"datePublished\":\"2017-10-14T11:43:15+00:00\",\"dateModified\":\"2026-03-18T08:49:19+00:00\",\"description\":\"En J&R Autoescuela formamos conductores para toda la vida y no para el examen. Descubre qui\u00e9nes somos, descubre una autoescuela diferente!\u00a1\",\"breadcrumb\":{\"@id\":\"https:\\\/\\\/www.jrautoescuela.com\\\/quienes-somos\\\/#breadcrumb\"},\"inLanguage\":\"en-GB\",\"potentialAction\":[{\"@type\":\"ReadAction\",\"target\":[\"https:\\\/\\\/www.jrautoescuela.com\\\/quienes-somos\\\/\"]}]},{\"@type\":\"ImageObject\",\"inLanguage\":\"en-GB\",\"@id\":\"https:\\\/\\\/www.jrautoescuela.com\\\/quienes-somos\\\/#primaryimage\",\"url\":\"https:\\\/\\\/www.jrautoescuela.com\\\/wp-content\\\/uploads\\\/2026\\\/03\\\/Screenshot_1-387x387-1.jpg\",\"contentUrl\":\"https:\\\/\\\/www.jrautoescuela.com\\\/wp-content\\\/uploads\\\/2026\\\/03\\\/Screenshot_1-387x387-1.jpg\"},{\"@type\":\"BreadcrumbList\",\"@id\":\"https:\\\/\\\/www.jrautoescuela.com\\\/quienes-somos\\\/#breadcrumb\",\"itemListElement\":[{\"@type\":\"ListItem\",\"position\":1,\"name\":\"Portada\",\"item\":\"https:\\\/\\\/www.jrautoescuela.com\\\/\"},{\"@type\":\"ListItem\",\"position\":2,\"name\":\"Qui\u00e9nes somos\"}]},{\"@type\":\"WebSite\",\"@id\":\"https:\\\/\\\/www.jrautoescuela.com\\\/#website\",\"url\":\"https:\\\/\\\/www.jrautoescuela.com\\\/\",\"name\":\"J&amp;R Autoescuela\",\"description\":\"Tu autoescuela en Torrevieja\",\"potentialAction\":[{\"@type\":\"SearchAction\",\"target\":{\"@type\":\"EntryPoint\",\"urlTemplate\":\"https:\\\/\\\/www.jrautoescuela.com\\\/?s={search_term_string}\"},\"query-input\":{\"@type\":\"PropertyValueSpecification\",\"valueRequired\":true,\"valueName\":\"search_term_string\"}}],\"inLanguage\":\"en-GB\"}]}<\/script>\n<!-- \/ Yoast SEO plugin. -->","yoast_head_json":{"title":"Qui\u00e9nes somos - J&amp;R Autoescuela","description":"En J&R Autoescuela formamos conductores para toda la vida y no para el examen. Descubre qui\u00e9nes somos, descubre una autoescuela diferente!\u00a1","robots":{"index":"index","follow":"follow","max-snippet":"max-snippet:-1","max-image-preview":"max-image-preview:large","max-video-preview":"max-video-preview:-1"},"canonical":"https:\/\/www.jrautoescuela.com\/en\/quienes-somos\/","og_locale":"en_GB","og_type":"article","og_title":"Qui\u00e9nes somos - J&amp;R Autoescuela","og_description":"En J&R Autoescuela formamos conductores para toda la vida y no para el examen. Descubre qui\u00e9nes somos, descubre una autoescuela diferente!\u00a1","og_url":"https:\/\/www.jrautoescuela.com\/en\/quienes-somos\/","og_site_name":"J&amp;R Autoescuela","article_modified_time":"2026-03-18T08:49:19+00:00","og_image":[{"width":387,"height":387,"url":"https:\/\/www.jrautoescuela.com\/wp-content\/uploads\/2026\/03\/Screenshot_1-387x387-1.jpg","type":"image\/jpeg"}],"twitter_card":"summary_large_image","twitter_misc":{"Estimated reading time":"2 minutes"},"schema":{"@context":"https:\/\/schema.org","@graph":[{"@type":"WebPage","@id":"https:\/\/www.jrautoescuela.com\/quienes-somos\/","url":"https:\/\/www.jrautoescuela.com\/quienes-somos\/","name":"Qui\u00e9nes somos - J&amp;R Autoescuela","isPartOf":{"@id":"https:\/\/www.jrautoescuela.com\/#website"},"primaryImageOfPage":{"@id":"https:\/\/www.jrautoescuela.com\/quienes-somos\/#primaryimage"},"image":{"@id":"https:\/\/www.jrautoescuela.com\/quienes-somos\/#primaryimage"},"thumbnailUrl":"https:\/\/www.jrautoescuela.com\/wp-content\/uploads\/2026\/03\/Screenshot_1-387x387-1.jpg","datePublished":"2017-10-14T11:43:15+00:00","dateModified":"2026-03-18T08:49:19+00:00","description":"En J&R Autoescuela formamos conductores para toda la vida y no para el examen. Descubre qui\u00e9nes somos, descubre una autoescuela diferente!\u00a1","breadcrumb":{"@id":"https:\/\/www.jrautoescuela.com\/quienes-somos\/#breadcrumb"},"inLanguage":"en-GB","potentialAction":[{"@type":"ReadAction","target":["https:\/\/www.jrautoescuela.com\/quienes-somos\/"]}]},{"@type":"ImageObject","inLanguage":"en-GB","@id":"https:\/\/www.jrautoescuela.com\/quienes-somos\/#primaryimage","url":"https:\/\/www.jrautoescuela.com\/wp-content\/uploads\/2026\/03\/Screenshot_1-387x387-1.jpg","contentUrl":"https:\/\/www.jrautoescuela.com\/wp-content\/uploads\/2026\/03\/Screenshot_1-387x387-1.jpg"},{"@type":"BreadcrumbList","@id":"https:\/\/www.jrautoescuela.com\/quienes-somos\/#breadcrumb","itemListElement":[{"@type":"ListItem","position":1,"name":"Portada","item":"https:\/\/www.jrautoescuela.com\/"},{"@type":"ListItem","position":2,"name":"Qui\u00e9nes somos"}]},{"@type":"WebSite","@id":"https:\/\/www.jrautoescuela.com\/#website","url":"https:\/\/www.jrautoescuela.com\/","name":"J&amp;R Driving School","description":"Your driving school in Torrevieja","potentialAction":[{"@type":"SearchAction","target":{"@type":"EntryPoint","urlTemplate":"https:\/\/www.jrautoescuela.com\/?s={search_term_string}"},"query-input":{"@type":"PropertyValueSpecification","valueRequired":true,"valueName":"search_term_string"}}],"inLanguage":"en-GB"}]}},"_links":{"self":[{"href":"https:\/\/www.jrautoescuela.com\/en\/wp-json\/wp\/v2\/pages\/77","targetHints":{"allow":["GET"]}}],"collection":[{"href":"https:\/\/www.jrautoescuela.com\/en\/wp-json\/wp\/v2\/pages"}],"about":[{"href":"https:\/\/www.jrautoescuela.com\/en\/wp-json\/wp\/v2\/types\/page"}],"author":[{"embeddable":true,"href":"https:\/\/www.jrautoescuela.com\/en\/wp-json\/wp\/v2\/users\/1"}],"replies":[{"embeddable":true,"href":"https:\/\/www.jrautoescuela.com\/en\/wp-json\/wp\/v2\/comments?post=77"}],"version-history":[{"count":29,"href":"https:\/\/www.jrautoescuela.com\/en\/wp-json\/wp\/v2\/pages\/77\/revisions"}],"predecessor-version":[{"id":2436,"href":"https:\/\/www.jrautoescuela.com\/en\/wp-json\/wp\/v2\/pages\/77\/revisions\/2436"}],"wp:attachment":[{"href":"https:\/\/www.jrautoescuela.com\/en\/wp-json\/wp\/v2\/media?parent=77"}],"curies":[{"name":"wp","href":"https:\/\/api.w.org\/{rel}","templated":true}]}}