{"id":2545,"date":"2026-03-31T16:59:08","date_gmt":"2026-03-31T14:59:08","guid":{"rendered":"https:\/\/www.jrautoescuela.com\/?post_type=product&#038;p=2545"},"modified":"2026-04-18T12:32:03","modified_gmt":"2026-04-18T10:32:03","slug":"examenes","status":"publish","type":"product","link":"https:\/\/www.jrautoescuela.com\/en\/product\/examenes\/","title":{"rendered":"Examinations"},"content":{"rendered":"","protected":false},"excerpt":{"rendered":"<p>Asistencia y realizaci\u00f3n del examen pr\u00e1ctico\/te\u00f3rico seg\u00fan selecci\u00f3n<\/p>","protected":false},"featured_media":2565,"comment_status":"open","ping_status":"closed","template":"","meta":[],"product_brand":[],"product_cat":[42],"product_tag":[],"class_list":{"0":"post-2545","1":"product","2":"type-product","3":"status-publish","4":"has-post-thumbnail","6":"product_cat-sin-categorizar","7":"wcpa_has_options","9":"first","10":"instock","11":"taxable","12":"shipping-taxable","13":"purchasable","14":"product-type-simple"},"yoast_head":"<!-- This site is optimized with the Yoast SEO plugin v27.3 - https:\/\/yoast.com\/product\/yoast-seo-wordpress\/ -->\n<title>Ex\u00e1menes - J&amp;R Autoescuela<\/title>\n<meta name=\"robots\" content=\"index, follow, max-snippet:-1, max-image-preview:large, max-video-preview:-1\" \/>\n<link rel=\"canonical\" href=\"https:\/\/www.jrautoescuela.com\/en\/product\/examenes\/\" \/>\n<meta property=\"og:locale\" content=\"en_GB\" \/>\n<meta property=\"og:type\" content=\"article\" \/>\n<meta property=\"og:title\" content=\"Ex\u00e1menes - J&amp;R Autoescuela\" \/>\n<meta property=\"og:description\" content=\"Asistencia y realizaci\u00f3n del examen pr\u00e1ctico\/te\u00f3rico seg\u00fan selecci\u00f3n\" \/>\n<meta property=\"og:url\" content=\"https:\/\/www.jrautoescuela.com\/en\/product\/examenes\/\" \/>\n<meta property=\"og:site_name\" content=\"J&amp;R Autoescuela\" \/>\n<meta property=\"article:modified_time\" content=\"2026-04-18T10:32:03+00:00\" \/>\n<meta property=\"og:image\" content=\"https:\/\/www.jrautoescuela.com\/wp-content\/uploads\/2026\/03\/examen-practico.png\" \/>\n\t<meta property=\"og:image:width\" content=\"600\" \/>\n\t<meta property=\"og:image:height\" content=\"600\" \/>\n\t<meta property=\"og:image:type\" content=\"image\/png\" \/>\n<meta name=\"twitter:card\" content=\"summary_large_image\" \/>\n<meta name=\"twitter:label1\" content=\"Estimated reading time\" \/>\n\t<meta name=\"twitter:data1\" content=\"1 minute\" \/>\n<script type=\"application\/ld+json\" class=\"yoast-schema-graph\">{\"@context\":\"https:\\\/\\\/schema.org\",\"@graph\":[{\"@type\":\"WebPage\",\"@id\":\"https:\\\/\\\/www.jrautoescuela.com\\\/producto\\\/examenes\\\/\",\"url\":\"https:\\\/\\\/www.jrautoescuela.com\\\/producto\\\/examenes\\\/\",\"name\":\"Ex\u00e1menes - J&amp;R Autoescuela\",\"isPartOf\":{\"@id\":\"https:\\\/\\\/www.jrautoescuela.com\\\/#website\"},\"primaryImageOfPage\":{\"@id\":\"https:\\\/\\\/www.jrautoescuela.com\\\/producto\\\/examenes\\\/#primaryimage\"},\"image\":{\"@id\":\"https:\\\/\\\/www.jrautoescuela.com\\\/producto\\\/examenes\\\/#primaryimage\"},\"thumbnailUrl\":\"https:\\\/\\\/www.jrautoescuela.com\\\/wp-content\\\/uploads\\\/2026\\\/03\\\/examen-practico.png\",\"datePublished\":\"2026-03-31T14:59:08+00:00\",\"dateModified\":\"2026-04-18T10:32:03+00:00\",\"breadcrumb\":{\"@id\":\"https:\\\/\\\/www.jrautoescuela.com\\\/producto\\\/examenes\\\/#breadcrumb\"},\"inLanguage\":\"en-GB\",\"potentialAction\":[{\"@type\":\"ReadAction\",\"target\":[\"https:\\\/\\\/www.jrautoescuela.com\\\/producto\\\/examenes\\\/\"]}]},{\"@type\":\"ImageObject\",\"inLanguage\":\"en-GB\",\"@id\":\"https:\\\/\\\/www.jrautoescuela.com\\\/producto\\\/examenes\\\/#primaryimage\",\"url\":\"https:\\\/\\\/www.jrautoescuela.com\\\/wp-content\\\/uploads\\\/2026\\\/03\\\/examen-practico.png\",\"contentUrl\":\"https:\\\/\\\/www.jrautoescuela.com\\\/wp-content\\\/uploads\\\/2026\\\/03\\\/examen-practico.png\",\"width\":600,\"height\":600},{\"@type\":\"BreadcrumbList\",\"@id\":\"https:\\\/\\\/www.jrautoescuela.com\\\/producto\\\/examenes\\\/#breadcrumb\",\"itemListElement\":[{\"@type\":\"ListItem\",\"position\":1,\"name\":\"Portada\",\"item\":\"https:\\\/\\\/www.jrautoescuela.com\\\/\"},{\"@type\":\"ListItem\",\"position\":2,\"name\":\"Ex\u00e1menes\"}]},{\"@type\":\"WebSite\",\"@id\":\"https:\\\/\\\/www.jrautoescuela.com\\\/#website\",\"url\":\"https:\\\/\\\/www.jrautoescuela.com\\\/\",\"name\":\"J&amp;R Autoescuela\",\"description\":\"Tu autoescuela en Torrevieja\",\"potentialAction\":[{\"@type\":\"SearchAction\",\"target\":{\"@type\":\"EntryPoint\",\"urlTemplate\":\"https:\\\/\\\/www.jrautoescuela.com\\\/?s={search_term_string}\"},\"query-input\":{\"@type\":\"PropertyValueSpecification\",\"valueRequired\":true,\"valueName\":\"search_term_string\"}}],\"inLanguage\":\"en-GB\"}]}<\/script>\n<!-- \/ Yoast SEO plugin. -->","yoast_head_json":{"title":"Ex\u00e1menes - J&amp;R Autoescuela","robots":{"index":"index","follow":"follow","max-snippet":"max-snippet:-1","max-image-preview":"max-image-preview:large","max-video-preview":"max-video-preview:-1"},"canonical":"https:\/\/www.jrautoescuela.com\/en\/product\/examenes\/","og_locale":"en_GB","og_type":"article","og_title":"Ex\u00e1menes - J&amp;R Autoescuela","og_description":"Asistencia y realizaci\u00f3n del examen pr\u00e1ctico\/te\u00f3rico seg\u00fan selecci\u00f3n","og_url":"https:\/\/www.jrautoescuela.com\/en\/product\/examenes\/","og_site_name":"J&amp;R Autoescuela","article_modified_time":"2026-04-18T10:32:03+00:00","og_image":[{"width":600,"height":600,"url":"https:\/\/www.jrautoescuela.com\/wp-content\/uploads\/2026\/03\/examen-practico.png","type":"image\/png"}],"twitter_card":"summary_large_image","twitter_misc":{"Estimated reading time":"1 minute"},"schema":{"@context":"https:\/\/schema.org","@graph":[{"@type":"WebPage","@id":"https:\/\/www.jrautoescuela.com\/producto\/examenes\/","url":"https:\/\/www.jrautoescuela.com\/producto\/examenes\/","name":"Ex\u00e1menes - J&amp;R Autoescuela","isPartOf":{"@id":"https:\/\/www.jrautoescuela.com\/#website"},"primaryImageOfPage":{"@id":"https:\/\/www.jrautoescuela.com\/producto\/examenes\/#primaryimage"},"image":{"@id":"https:\/\/www.jrautoescuela.com\/producto\/examenes\/#primaryimage"},"thumbnailUrl":"https:\/\/www.jrautoescuela.com\/wp-content\/uploads\/2026\/03\/examen-practico.png","datePublished":"2026-03-31T14:59:08+00:00","dateModified":"2026-04-18T10:32:03+00:00","breadcrumb":{"@id":"https:\/\/www.jrautoescuela.com\/producto\/examenes\/#breadcrumb"},"inLanguage":"en-GB","potentialAction":[{"@type":"ReadAction","target":["https:\/\/www.jrautoescuela.com\/producto\/examenes\/"]}]},{"@type":"ImageObject","inLanguage":"en-GB","@id":"https:\/\/www.jrautoescuela.com\/producto\/examenes\/#primaryimage","url":"https:\/\/www.jrautoescuela.com\/wp-content\/uploads\/2026\/03\/examen-practico.png","contentUrl":"https:\/\/www.jrautoescuela.com\/wp-content\/uploads\/2026\/03\/examen-practico.png","width":600,"height":600},{"@type":"BreadcrumbList","@id":"https:\/\/www.jrautoescuela.com\/producto\/examenes\/#breadcrumb","itemListElement":[{"@type":"ListItem","position":1,"name":"Portada","item":"https:\/\/www.jrautoescuela.com\/"},{"@type":"ListItem","position":2,"name":"Ex\u00e1menes"}]},{"@type":"WebSite","@id":"https:\/\/www.jrautoescuela.com\/#website","url":"https:\/\/www.jrautoescuela.com\/","name":"J&amp;R Driving School","description":"Your driving school in Torrevieja","potentialAction":[{"@type":"SearchAction","target":{"@type":"EntryPoint","urlTemplate":"https:\/\/www.jrautoescuela.com\/?s={search_term_string}"},"query-input":{"@type":"PropertyValueSpecification","valueRequired":true,"valueName":"search_term_string"}}],"inLanguage":"en-GB"}]}},"wcpa_form_fields":{"wcpaData":{"product":{"product_price":0,"price_html":"<span class=\"woocommerce-Price-amount amount\"><bdi>0,00&nbsp;<span class=\"woocommerce-Price-currencySymbol\">&euro;<\/span><\/bdi><\/span> <small class=\"woocommerce-price-suffix\">IVA incluido<\/small>","original_product_price":0,"price_including_tax":0,"price_excluding_tax":0,"product_id":{"parent":2545,"variation":false},"is_variable":false,"stock_status":"instock","stock_quantity":null,"parent_sku":"","product_attributes":[],"custom_fields":[],"is_taxable":true,"product_name":"Ex\u00e1menes"},"fields":{"sec_769cbe168292c2":{"extra":{"key":"sec_769cbe168292c2","section_id":"sec_769cbe168292c2","name":"Default","status":1,"cl_rule":"show","enableCl":false,"relations":[],"toggle":true,"title_tag":"h3","show_title":false,"showPrice":"default","form_id":2547,"form_rules":{"exclude_from_discount":false,"fee_label":"Tarifa","disp_hide_options_price":false,"disp_show_section_price":false,"disp_show_field_price":true,"layout_option":"standard","pric_use_as_fee":false,"process_fee_as":"woo_fee"},"layout_option":"standard"},"fields":[[{"active":true,"col":3,"relations":false,"cl_rule":"show","enableCl":false,"price":"","enablePrice":false,"className":"","label_position":"default","desc_position":"default","type":"text","subtype":"text","required":true,"elementId":"text_2630521296","label":"Nombre y apellidos","name":"text_2630521296","value":"","error":false,"placeholder":"Introduce nombre y apellidos del alumno","description":"Introduce nombre y apellidos del alumno","gt_translate_keys":["label","placeholder","description","value"],"price_dependency":false,"cl_dependency":false},{"label":"NIF del alumno","active":true,"required":true,"elementId":"text-2888911929","value":"","placeholder":"Introduce el DNI\/NIE del alumno","description":"Introduce el DNI\/NIE del alumno","name":"text-2888911929","label_position":"default","desc_position":"default","enablePrice":false,"className":"","enableCl":false,"relations":false,"subtype":"text","price":"","cl_rule":"show","col":3,"type":"text","error":false,"gt_translate_keys":["label","placeholder","description","value"],"price_dependency":false,"cl_dependency":false}],[{"active":true,"col":6,"relations":false,"cl_rule":"show","enableCl":false,"price":"","enablePrice":true,"className":"","label_position":"default","desc_position":"default","type":"select","required":true,"elementId":"select_3038862146","label":"Tipo de permiso","name":"select_3038862146","values":[{"label":"AM te\u00f3rico","value":"AM te\u00f3rico","selected":false,"tempId":"aco_4761","price":"40","gt_translate_keys":["label"]},{"label":"AM pr\u00e1ctico","value":"AM pr\u00e1ctico","selected":false,"tempId":"aco_3307","price":"50","gt_translate_keys":["label"]},{"label":"A1 te\u00f3rico","value":"A1 te\u00f3rico","selected":false,"tempId":"aco_4273","price":"40","gt_translate_keys":["label"]},{"label":"A1 cerrado","value":"A1 cerrado","selected":false,"tempId":"aco_3308","price":"50","gt_translate_keys":["label"]},{"label":"A1 abierto","value":"A1 abierto","selected":false,"tempId":"aco_3309","price":"65","gt_translate_keys":["label"]},{"label":"A2 te\u00f3rico","value":"A2 te\u00f3rico","selected":false,"tempId":"aco_4463","price":"40","gt_translate_keys":["label"]},{"label":"A2 cerrado","value":"A2 cerrado","selected":false,"tempId":"aco_3715","price":"50","gt_translate_keys":["label"]},{"label":"A2 abierto","value":"A2 abierto","selected":false,"tempId":"aco_3725","price":"65","gt_translate_keys":["label"]},{"label":"B te\u00f3rico","value":"B te\u00f3rico","selected":false,"tempId":"aco_3735","price":"40","gt_translate_keys":["label"]},{"label":"B pr\u00e1ctico","value":"B pr\u00e1ctico","selected":false,"tempId":"aco_5122","price":"50","gt_translate_keys":["label"]}],"dropdown_type":"basic","error":false,"placeholder":"- Selecciona -","description":"Selecciona el permiso para el que quieres examinarte","use_as_fee":false,"priceOptions":"different_for_all","pricingType":"fixed","gt_translate_keys":["label","placeholder","description"],"price_dependency":false,"cl_dependency":false,"value":""}]]}},"config":{"price_override":"","enable_recaptcha":false,"bind_quantity":false,"quantity_bind_formula":false,"disp_summ_show_option_price":true,"disp_summ_show_product_price":true,"disp_summ_show_total_price":true,"disp_summ_show_fee":false,"disp_summ_show_discount":false,"summary_title":"","options_total_label":"Opciones","total_label":"Total","options_product_label":"Precio","fee_label":"Tarifa","discount_label":"Descuento","has_price":true,"has_quantity_formula":false},"mc_unit":1,"tax_rate":1,"tax_rate_real":0.21,"discount":{"percentage":0,"fixed":0},"design":{"conf":{"LabelPosition":"above","DescPosition":"above","UploadField":"custom_1","QuantityFieldStyle":"default"},"css":{"LeftLabelWidth":"120px"}},"formulas":[],"clones":false,"cartKey":false}},"_links":{"self":[{"href":"https:\/\/www.jrautoescuela.com\/en\/wp-json\/wp\/v2\/product\/2545","targetHints":{"allow":["GET"]}}],"collection":[{"href":"https:\/\/www.jrautoescuela.com\/en\/wp-json\/wp\/v2\/product"}],"about":[{"href":"https:\/\/www.jrautoescuela.com\/en\/wp-json\/wp\/v2\/types\/product"}],"replies":[{"embeddable":true,"href":"https:\/\/www.jrautoescuela.com\/en\/wp-json\/wp\/v2\/comments?post=2545"}],"wp:featuredmedia":[{"embeddable":true,"href":"https:\/\/www.jrautoescuela.com\/en\/wp-json\/wp\/v2\/media\/2565"}],"wp:attachment":[{"href":"https:\/\/www.jrautoescuela.com\/en\/wp-json\/wp\/v2\/media?parent=2545"}],"wp:term":[{"taxonomy":"product_brand","embeddable":true,"href":"https:\/\/www.jrautoescuela.com\/en\/wp-json\/wp\/v2\/product_brand?post=2545"},{"taxonomy":"product_cat","embeddable":true,"href":"https:\/\/www.jrautoescuela.com\/en\/wp-json\/wp\/v2\/product_cat?post=2545"},{"taxonomy":"product_tag","embeddable":true,"href":"https:\/\/www.jrautoescuela.com\/en\/wp-json\/wp\/v2\/product_tag?post=2545"}],"curies":[{"name":"wp","href":"https:\/\/api.w.org\/{rel}","templated":true}]}}